{"id":10364,"date":"2021-04-21T15:10:54","date_gmt":"2021-04-21T13:10:54","guid":{"rendered":"https:\/\/www.expertiger.de\/blog\/?page_id=10364"},"modified":"2021-04-30T09:56:21","modified_gmt":"2021-04-30T07:56:21","slug":"expertiger-support-chat","status":"publish","type":"page","link":"https:\/\/www.expertiger.de\/blog\/expertiger-support-chat\/","title":{"rendered":"Expertiger Support-Chat"},"content":{"rendered":"<p><!--Start of Zendesk Chat Script--><br \/>\n<script type=\"text\/javascript\">\nwindow.$zopim||(function(d,s){var z=$zopim=function(c){z._.push(c)},$=z.s=\nd.createElement(s),e=d.getElementsByTagName(s)[0];z.set=function(o){z.set.\n_.push(o)};z._=[];z.set._=[];$.async=!0;$.setAttribute(\"charset\",\"utf-8\");\n$.src=\"https:\/\/v2.zopim.com\/?2V3FgvAeRAt4TOYJjdAq3lVdycYMLn8f\";z.t=+new Date;$.\ntype=\"text\/javascript\";e.parentNode.insertBefore($,e)})(document,\"script\");\n<\/script><br \/>\n<!--End of Zendesk Chat Script--><\/p>\n<p>Liebe Teilnehmer*innen,<\/p>\n<p>um individuelle Unterst\u00fctzung per Chat zu erhalten, klicken Sie bitte rechts unten auf die Schaltfl\u00e4che &#8220;Expertiger Backoffice&#8221; bzw. auf mobilen Endger\u00e4ten einfach auf &#8220;Chat&#8221;!<\/p>\n<p>Sollten Sie die Schaltfl\u00e4che nicht sehen, versuchen Sie bitte Ihren AdBlocker zu deaktivieren. <\/p>\n","protected":false},"excerpt":{"rendered":"<p>Liebe Teilnehmer*innen, um individuelle Unterst\u00fctzung per Chat zu erhalten, klicken Sie bitte rechts unten auf die Schaltfl\u00e4che &#8220;Expertiger Backoffice&#8221; bzw. auf mobilen Endger\u00e4ten einfach auf &#8220;Chat&#8221;! Sollten Sie die Schaltfl\u00e4che nicht sehen, versuchen Sie bitte Ihren AdBlocker zu deaktivieren.<\/p>\n","protected":false},"author":10,"featured_media":0,"parent":0,"menu_order":0,"comment_status":"closed","ping_status":"closed","template":"","meta":{"_mi_skip_tracking":false},"acf":[],"_links":{"self":[{"href":"https:\/\/www.expertiger.de\/blog\/wp-json\/wp\/v2\/pages\/10364"}],"collection":[{"href":"https:\/\/www.expertiger.de\/blog\/wp-json\/wp\/v2\/pages"}],"about":[{"href":"https:\/\/www.expertiger.de\/blog\/wp-json\/wp\/v2\/types\/page"}],"author":[{"embeddable":true,"href":"https:\/\/www.expertiger.de\/blog\/wp-json\/wp\/v2\/users\/10"}],"replies":[{"embeddable":true,"href":"https:\/\/www.expertiger.de\/blog\/wp-json\/wp\/v2\/comments?post=10364"}],"version-history":[{"count":6,"href":"https:\/\/www.expertiger.de\/blog\/wp-json\/wp\/v2\/pages\/10364\/revisions"}],"predecessor-version":[{"id":10371,"href":"https:\/\/www.expertiger.de\/blog\/wp-json\/wp\/v2\/pages\/10364\/revisions\/10371"}],"wp:attachment":[{"href":"https:\/\/www.expertiger.de\/blog\/wp-json\/wp\/v2\/media?parent=10364"}],"curies":[{"name":"wp","href":"https:\/\/api.w.org\/{rel}","templated":true}]}}